{"id":2547,"date":"2015-02-21T19:29:16","date_gmt":"2015-02-21T18:29:16","guid":{"rendered":"http:\/\/www.mariovanweerd.nl\/wp\/vlinders\/zandoogjes-satyrinae\/veenhooibeestje\/"},"modified":"2024-07-13T11:13:17","modified_gmt":"2024-07-13T09:13:17","slug":"veenhooibeestje","status":"publish","type":"page","link":"https:\/\/www.mariovanweerd.nl\/wp\/vlinders\/zandoogjes-satyrinae\/veenhooibeestje\/","title":{"rendered":"Veenhooibeestje (Coenonympha tullia)"},"content":{"rendered":"\n<div class=\"wp-block-columns is-layout-flex wp-container-core-columns-is-layout-9d6595d7 wp-block-columns-is-layout-flex\">\n<div class=\"wp-block-column is-layout-flow wp-block-column-is-layout-flow\" style=\"flex-basis:66.66%\"><div class=\"wp-block-image no-lightbox wp-image-2418\">\n<figure class=\"alignright is-resized\"><img loading=\"lazy\" decoding=\"async\" width=\"590\" height=\"391\" src=\"http:\/\/www.mariovanweerd.nl\/wp\/wp-content\/uploads\/2015\/02\/Veenhooibeestje-02-590x391.jpg\" alt=\"\" class=\"wp-image-2418\" style=\"width:400px\" srcset=\"https:\/\/www.mariovanweerd.nl\/wp\/wp-content\/uploads\/2015\/02\/Veenhooibeestje-02-590x391.jpg 590w, https:\/\/www.mariovanweerd.nl\/wp\/wp-content\/uploads\/2015\/02\/Veenhooibeestje-02.jpg 950w\" sizes=\"auto, (max-width: 590px) 100vw, 590px\" \/><figcaption class=\"wp-element-caption\">Veenhooibeestje in Drenthe<\/figcaption><\/figure>\n<\/div>\n\n\n<p><strong>Kenmerken<\/strong> &#8211;&nbsp;Deze vlinder heeft een spanwijdte van 27 tot 40 mm. De bovenzijde van de vleugels loopt van oranje aan de binnen kant naar oranjebruin naar de rand. Op de voorvleugels zit bij de punt een enkele vrij vage oogvlek. Op de achtervleugels zitten er twee. De onderzijde van de achtervleugels verloopt vanaf de binnenkant van donkerbruin naar oranjebruin en vervolgens een zigzaggende witte band. Op de achtervleugel zit een rij van zes zwart-met-oranje omrande oogvlekken met witte middenstip. Deze vari\u00ebren sterk in grootte. De voorvleugel is aan de onderzijde oranje met een witte band en heeft twee oogvlekken. \u00c9\u00e9n bij de punt en \u00e9\u00e9n halverwege. Bij sommige exemplaren kan het aantal oogvlekken op de achtervleugel minder zijn of kunnen ze zelfs ontbreken. Om de vleugels zit een grijsbruine rand. Ook de franje om de vleugels is grijs. Mannetjes en vrouwtjes lijken qua uiterlijk veel op elkaar. Mannetjes vliegen rond en bezetten geen territorium, terwijl vrouwtjes meestal tussen de planten blijven zitten en korte vluchtjes maken. Ik heb wel in eens stuk achter zo&#8217;n mannetje aangelopen, maar het duurt dan best lang voor hij weer gaat zitten. Meestal onbereikbaar in het veen.<\/p>\n\n\n\n<p>Het gaat erg slecht met het Veenhooibeestje in Nederland. Veel hoogveengebied is verdwenen door verdroging en vermesting. De vlinders leven namelijk op voedselarme grond. Ook door het te snel verhogen van het waterpeil bij herstelmaatregelen zijn overwinterende rupjes verdronken. Op dit moment komt de vlinder nog voor op enkele plekken in Drenthe en Friesland. Ik hoop dat recente (waarschijnlijk aangestoken) branden in het Fochtelo\u00ebrveen niet de genadeklap betekenen voor dit prachtige vlindertje in Nederland.<\/p>\n\n\n\n<p><strong>Naamgeving<\/strong> &#8211; N: Veenhooibeestje &#8211; D: Gro\u00dfes Wiesenv\u00f6gelchen&nbsp;&#8211; Lat: Coenonympha tullia&nbsp;&#8211;&nbsp;E: Large Heath<br>De wetenschappelijke naam <em>Coenonympha tullia<\/em> komt van Tullia Cicero, de oogappel&nbsp;van Marcus Tullius Cicero. Een bekend Romeins redenaar en filosoof. Hij was getuige van de moord op Caesar in maart 44 v.Chr.<\/p>\n\n\n\n<p><strong>Leefomgeving<\/strong> &#8211;&nbsp;Deze vlinder is zeer zeldzaam in Nederland. Je vindt hem op voedselarme plaatsen in moerassen, veengebieden en natte heidevelden. Op zoek naar nectar worden nabijgelegen bloemrijkere graslanden en bermen bezocht. Mijn foto&#8217;s zijn gemaakt in het Fochtelo\u00ebrveen op de grens tussen Drenthe en Friesland.<\/p>\n\n\n\n<p><strong>Vliegtijd<\/strong> &#8211; Overwintering vindt plaats als jonge rups onder in een graspol. Bij stijgend veenwater kruipt de rups, als hij slim en op tijd is, een beetje omhoog. De vlinders vliegen vanaf half mei tot eind juli in \u00e9\u00e9n generatie.<\/p>\n\n\n\n<p><strong>Waardplant<\/strong> &#8211; Rupsen leven van eenjarig wollegras. Vlinders drinken voornamelijk nectar van dopheide.<\/p>\n<\/div>\n\n\n\n<div class=\"wp-block-column is-layout-flow wp-block-column-is-layout-flow\" style=\"flex-basis:33.33%\">\n<h4 class=\"wp-block-heading\"><a title=\"Zandoogjes (Satyrinae)\" href=\"http:\/\/www.mariovanweerd.nl\/wp\/zandoogjes-satyrinae\/\">Zandoogjes<\/a><\/h4>\n\n\n\n<ul class=\"wp-block-list\">\n<li><a title=\"Argusvlinder (Lasiommata megera)\" href=\"http:\/\/www.mariovanweerd.nl\/wp\/vlinders\/zandoogjes-satyrinae\/argusvlinder\/\">Argusvlinder (Lasiommata megera)<\/a><\/li>\n\n\n\n<li><a title=\"Bont zandoogje (Pararge aegeria)\" href=\"http:\/\/www.mariovanweerd.nl\/wp\/vlinders\/zandoogjes-satyrinae\/bont-zandoogje\/\">Bont zandoogje\u00a0(Pararge aegeria)<\/a><\/li>\n\n\n\n<li><a title=\"Bruin zandoogje (Maniola jurtina)\" href=\"http:\/\/www.mariovanweerd.nl\/wp\/vlinders\/zandoogjes-satyrinae\/bruin-zandoogje\/\">Bruin zandoogje (Maniola jurtina)<\/a><\/li>\n\n\n\n<li><a title=\"Dambordje (Melanargia galathea)\" href=\"http:\/\/www.mariovanweerd.nl\/wp\/vlinders\/zandoogjes-satyrinae\/dambordje\/\">Dambordje\u00a0(Melanargia galathea)<\/a><\/li>\n\n\n\n<li><a title=\"Heivlinder (Hipparchia semele)\" href=\"http:\/\/www.mariovanweerd.nl\/wp\/vlinders\/zandoogjes-satyrinae\/heivlinder\/\">Heivlinder\u00a0(Hipparchia semele)<\/a><\/li>\n\n\n\n<li><a title=\"Hooibeestje (Coenonympha pamphilus)\" href=\"http:\/\/www.mariovanweerd.nl\/wp\/vlinders\/zandoogjes-satyrinae\/hooibeestje\/\">Hooibeestje (Coenonympha pamphilus)<\/a><\/li>\n\n\n\n<li><a title=\"Kleine heivlinder (Hipparchia statilinus)\" href=\"http:\/\/www.mariovanweerd.nl\/wp\/vlinders\/zandoogjes-satyrinae\/kleine-heivlinder\/\">Kleine heivlinder\u00a0(Hipparchia statilinus)<\/a><\/li>\n\n\n\n<li><a title=\"Koevinkje (Aphantopus hyperantus)\" href=\"http:\/\/www.mariovanweerd.nl\/wp\/vlinders\/zandoogjes-satyrinae\/koevinkje\/\">Koevinkje\u00a0(Aphantopus hyperantus)<\/a><\/li>\n\n\n\n<li><a title=\"Oranje zandoogje (Pyronia tithonus)\" href=\"http:\/\/www.mariovanweerd.nl\/wp\/vlinders\/zandoogjes-satyrinae\/oranje-zandoogje\/\">Oranje zandoogje (Pyronia tithonus)<\/a><\/li>\n\n\n\n<li><a title=\"Tweekleurig hooibeestje (Coenonympha arcania)\" href=\"http:\/\/www.mariovanweerd.nl\/wp\/vlinders\/zandoogjes-satyrinae\/tweekleurig-hooibeestje\/\">Tweekleurig hooibeestje\u00a0(Coenonympha arcania)<\/a><\/li>\n\n\n\n<li><a title=\"Veenhooibeestje (Coenonympha tullia)\" href=\"http:\/\/www.mariovanweerd.nl\/wp\/vlinders\/zandoogjes-satyrinae\/veenhooibeestje\/\">Veenhooibeestje (Coenonympha tullia)<\/a><\/li>\n\n\n\n<li><a title=\"Voorjaarserebia (Erebia medusa)\" href=\"https:\/\/www.mariovanweerd.nl\/wp\/voorjaarserebia-erebia-medusa\/\">Voorjaarserebia (Erebia medusa)<\/a><\/li>\n<\/ul>\n<\/div>\n<\/div>\n\n\n\n\n\t\t\t<div id='gallery-2547-1' class='gallery gallery-2547'>\n\t\t\t\t<div class='gallery-row gallery-col-3 gallery-clear'>\n\t\t\t\t\t<figure class='gallery-item col-3'>\n\t\t\t\t\t\t<div class='gallery-icon '><a href='https:\/\/www.mariovanweerd.nl\/wp\/veenhooibeestje-2\/'><img loading=\"lazy\" decoding=\"async\" width=\"200\" height=\"200\" src=\"https:\/\/www.mariovanweerd.nl\/wp\/wp-content\/uploads\/2021\/09\/Veenhooibeestje-03-200x200.jpg\" class=\"attachment-thumbnail size-thumbnail\" alt=\"\" \/><\/a><\/div>\n\t\t\t\t\t\t<figcaption class='gallery-caption'>Alle Hooibeestjes laten zich maar moeilijk mooi op de foto zetten. Het Veenhooibeestje (Coenonympha tullia, Grosses Wiesenv\u00f6gelchen, Large Heath) vormt hierop allerminst een uitzondering. En als de wind geen roet in het eten gooit, dan vallen de steekvliegen je aan als jij en je model eindelijk even stil zitten.<\/figcaption>\n\t\t\t\t\t<\/figure>\n\t\t\t\t\t<figure class='gallery-item col-3'>\n\t\t\t\t\t\t<div class='gallery-icon '><a href='https:\/\/www.mariovanweerd.nl\/wp\/veenhooibeestje-coenonympha-tullia-4\/'><img loading=\"lazy\" decoding=\"async\" width=\"200\" height=\"200\" src=\"https:\/\/www.mariovanweerd.nl\/wp\/wp-content\/uploads\/2021\/09\/Veenhooibeestje-02-200x200.jpg\" class=\"attachment-thumbnail size-thumbnail\" alt=\"\" \/><\/a><\/div>\n\t\t\t\t\t\t<figcaption class='gallery-caption'>Large Heath, Grosses Wiesenv\u00f6gelchen<\/figcaption>\n\t\t\t\t\t<\/figure>\n\t\t\t\t\t<figure class='gallery-item col-3'>\n\t\t\t\t\t\t<div class='gallery-icon '><a href='https:\/\/www.mariovanweerd.nl\/wp\/veenhooibeestje-coenonympha-tullia-3\/'><img loading=\"lazy\" decoding=\"async\" width=\"200\" height=\"200\" src=\"https:\/\/www.mariovanweerd.nl\/wp\/wp-content\/uploads\/2021\/09\/Veenhooibeestje-01-200x200.jpg\" class=\"attachment-thumbnail size-thumbnail\" alt=\"\" \/><\/a><\/div>\n\t\t\t\t\t\t<figcaption class='gallery-caption'>Large Heath, Grosses Wiesenv\u00f6gelchen<\/figcaption>\n\t\t\t\t\t<\/figure>\n\t\t\t\t<\/div>\n\t\t\t<\/div><!-- .gallery -->\n\n","protected":false},"excerpt":{"rendered":"<p>Kenmerken &#8211;&nbsp;Deze vlinder heeft een spanwijdte van 27 tot 40 mm. De bovenzijde van de&#8230;<\/p>\n","protected":false},"author":2,"featured_media":0,"parent":2431,"menu_order":0,"comment_status":"closed","ping_status":"closed","template":"page-template-fullwidth.php","meta":{"footnotes":""},"class_list":["post-2547","page","type-page","status-publish","hentry"],"yoast_head":"<!-- This site is optimized with the Yoast SEO plugin v26.6 - https:\/\/yoast.com\/wordpress\/plugins\/seo\/ -->\n<title>Veenhooibeestje (Coenonympha tullia) -<\/title>\n<meta name=\"description\" content=\"Veenhooibeestje, Gro\u00dfes Wiesenv\u00f6gelchen, Coenonympha tullia,\u00a0Large Heath, zandoogjes, satyrina\" \/>\n<meta name=\"robots\" content=\"index, follow, max-snippet:-1, max-image-preview:large, max-video-preview:-1\" \/>\n<link rel=\"canonical\" href=\"https:\/\/www.mariovanweerd.nl\/wp\/vlinders\/zandoogjes-satyrinae\/veenhooibeestje\/\" \/>\n<meta property=\"og:locale\" content=\"nl_NL\" \/>\n<meta property=\"og:type\" content=\"article\" \/>\n<meta property=\"og:title\" content=\"Veenhooibeestje (Coenonympha tullia) -\" \/>\n<meta property=\"og:description\" content=\"Veenhooibeestje, Gro\u00dfes Wiesenv\u00f6gelchen, Coenonympha tullia,\u00a0Large Heath, zandoogjes, satyrina\" \/>\n<meta property=\"og:url\" content=\"https:\/\/www.mariovanweerd.nl\/wp\/vlinders\/zandoogjes-satyrinae\/veenhooibeestje\/\" \/>\n<meta property=\"article:modified_time\" content=\"2024-07-13T09:13:17+00:00\" \/>\n<meta property=\"og:image\" content=\"https:\/\/www.mariovanweerd.nl\/wp\/wp-content\/uploads\/2021\/09\/Veenhooibeestje-03-950x760.jpg\" \/>\n<meta name=\"twitter:label1\" content=\"Verwachte leestijd\" \/>\n\t<meta name=\"twitter:data1\" content=\"3 minuten\" \/>\n<script type=\"application\/ld+json\" class=\"yoast-schema-graph\">{\"@context\":\"https:\/\/schema.org\",\"@graph\":[{\"@type\":\"WebPage\",\"@id\":\"https:\/\/www.mariovanweerd.nl\/wp\/vlinders\/zandoogjes-satyrinae\/veenhooibeestje\/\",\"url\":\"https:\/\/www.mariovanweerd.nl\/wp\/vlinders\/zandoogjes-satyrinae\/veenhooibeestje\/\",\"name\":\"Veenhooibeestje (Coenonympha tullia) -\",\"isPartOf\":{\"@id\":\"https:\/\/www.mariovanweerd.nl\/wp\/#website\"},\"primaryImageOfPage\":{\"@id\":\"https:\/\/www.mariovanweerd.nl\/wp\/vlinders\/zandoogjes-satyrinae\/veenhooibeestje\/#primaryimage\"},\"image\":{\"@id\":\"https:\/\/www.mariovanweerd.nl\/wp\/vlinders\/zandoogjes-satyrinae\/veenhooibeestje\/#primaryimage\"},\"thumbnailUrl\":\"http:\/\/www.mariovanweerd.nl\/wp\/wp-content\/uploads\/2015\/02\/Veenhooibeestje-02-590x391.jpg\",\"datePublished\":\"2015-02-21T18:29:16+00:00\",\"dateModified\":\"2024-07-13T09:13:17+00:00\",\"description\":\"Veenhooibeestje, Gro\u00dfes Wiesenv\u00f6gelchen, Coenonympha tullia,\u00a0Large Heath, zandoogjes, satyrina\",\"breadcrumb\":{\"@id\":\"https:\/\/www.mariovanweerd.nl\/wp\/vlinders\/zandoogjes-satyrinae\/veenhooibeestje\/#breadcrumb\"},\"inLanguage\":\"nl-NL\",\"potentialAction\":[{\"@type\":\"ReadAction\",\"target\":[\"https:\/\/www.mariovanweerd.nl\/wp\/vlinders\/zandoogjes-satyrinae\/veenhooibeestje\/\"]}]},{\"@type\":\"ImageObject\",\"inLanguage\":\"nl-NL\",\"@id\":\"https:\/\/www.mariovanweerd.nl\/wp\/vlinders\/zandoogjes-satyrinae\/veenhooibeestje\/#primaryimage\",\"url\":\"https:\/\/www.mariovanweerd.nl\/wp\/wp-content\/uploads\/2015\/02\/Veenhooibeestje-02.jpg\",\"contentUrl\":\"https:\/\/www.mariovanweerd.nl\/wp\/wp-content\/uploads\/2015\/02\/Veenhooibeestje-02.jpg\",\"width\":950,\"height\":631,\"caption\":\"Veenhooibeestje in Drenthe\"},{\"@type\":\"BreadcrumbList\",\"@id\":\"https:\/\/www.mariovanweerd.nl\/wp\/vlinders\/zandoogjes-satyrinae\/veenhooibeestje\/#breadcrumb\",\"itemListElement\":[{\"@type\":\"ListItem\",\"position\":1,\"name\":\"Home\",\"item\":\"https:\/\/www.mariovanweerd.nl\/wp\/\"},{\"@type\":\"ListItem\",\"position\":2,\"name\":\"Vlinders\",\"item\":\"https:\/\/www.mariovanweerd.nl\/wp\/vlinders\/\"},{\"@type\":\"ListItem\",\"position\":3,\"name\":\"Zandoogjes (Nymphalidae, Satyrinae)\",\"item\":\"https:\/\/www.mariovanweerd.nl\/wp\/vlinders\/zandoogjes-satyrinae\/\"},{\"@type\":\"ListItem\",\"position\":4,\"name\":\"Veenhooibeestje (Coenonympha tullia)\"}]},{\"@type\":\"WebSite\",\"@id\":\"https:\/\/www.mariovanweerd.nl\/wp\/#website\",\"url\":\"https:\/\/www.mariovanweerd.nl\/wp\/\",\"name\":\"\",\"description\":\"Mario van Weerd Natuurfotografie\",\"potentialAction\":[{\"@type\":\"SearchAction\",\"target\":{\"@type\":\"EntryPoint\",\"urlTemplate\":\"https:\/\/www.mariovanweerd.nl\/wp\/?s={search_term_string}\"},\"query-input\":{\"@type\":\"PropertyValueSpecification\",\"valueRequired\":true,\"valueName\":\"search_term_string\"}}],\"inLanguage\":\"nl-NL\"}]}<\/script>\n<!-- \/ Yoast SEO plugin. -->","yoast_head_json":{"title":"Veenhooibeestje (Coenonympha tullia) -","description":"Veenhooibeestje, Gro\u00dfes Wiesenv\u00f6gelchen, Coenonympha tullia,\u00a0Large Heath, zandoogjes, satyrina","robots":{"index":"index","follow":"follow","max-snippet":"max-snippet:-1","max-image-preview":"max-image-preview:large","max-video-preview":"max-video-preview:-1"},"canonical":"https:\/\/www.mariovanweerd.nl\/wp\/vlinders\/zandoogjes-satyrinae\/veenhooibeestje\/","og_locale":"nl_NL","og_type":"article","og_title":"Veenhooibeestje (Coenonympha tullia) -","og_description":"Veenhooibeestje, Gro\u00dfes Wiesenv\u00f6gelchen, Coenonympha tullia,\u00a0Large Heath, zandoogjes, satyrina","og_url":"https:\/\/www.mariovanweerd.nl\/wp\/vlinders\/zandoogjes-satyrinae\/veenhooibeestje\/","article_modified_time":"2024-07-13T09:13:17+00:00","og_image":[{"url":"https:\/\/www.mariovanweerd.nl\/wp\/wp-content\/uploads\/2021\/09\/Veenhooibeestje-03-950x760.jpg","type":"","width":"","height":""}],"twitter_misc":{"Verwachte leestijd":"3 minuten"},"schema":{"@context":"https:\/\/schema.org","@graph":[{"@type":"WebPage","@id":"https:\/\/www.mariovanweerd.nl\/wp\/vlinders\/zandoogjes-satyrinae\/veenhooibeestje\/","url":"https:\/\/www.mariovanweerd.nl\/wp\/vlinders\/zandoogjes-satyrinae\/veenhooibeestje\/","name":"Veenhooibeestje (Coenonympha tullia) -","isPartOf":{"@id":"https:\/\/www.mariovanweerd.nl\/wp\/#website"},"primaryImageOfPage":{"@id":"https:\/\/www.mariovanweerd.nl\/wp\/vlinders\/zandoogjes-satyrinae\/veenhooibeestje\/#primaryimage"},"image":{"@id":"https:\/\/www.mariovanweerd.nl\/wp\/vlinders\/zandoogjes-satyrinae\/veenhooibeestje\/#primaryimage"},"thumbnailUrl":"http:\/\/www.mariovanweerd.nl\/wp\/wp-content\/uploads\/2015\/02\/Veenhooibeestje-02-590x391.jpg","datePublished":"2015-02-21T18:29:16+00:00","dateModified":"2024-07-13T09:13:17+00:00","description":"Veenhooibeestje, Gro\u00dfes Wiesenv\u00f6gelchen, Coenonympha tullia,\u00a0Large Heath, zandoogjes, satyrina","breadcrumb":{"@id":"https:\/\/www.mariovanweerd.nl\/wp\/vlinders\/zandoogjes-satyrinae\/veenhooibeestje\/#breadcrumb"},"inLanguage":"nl-NL","potentialAction":[{"@type":"ReadAction","target":["https:\/\/www.mariovanweerd.nl\/wp\/vlinders\/zandoogjes-satyrinae\/veenhooibeestje\/"]}]},{"@type":"ImageObject","inLanguage":"nl-NL","@id":"https:\/\/www.mariovanweerd.nl\/wp\/vlinders\/zandoogjes-satyrinae\/veenhooibeestje\/#primaryimage","url":"https:\/\/www.mariovanweerd.nl\/wp\/wp-content\/uploads\/2015\/02\/Veenhooibeestje-02.jpg","contentUrl":"https:\/\/www.mariovanweerd.nl\/wp\/wp-content\/uploads\/2015\/02\/Veenhooibeestje-02.jpg","width":950,"height":631,"caption":"Veenhooibeestje in Drenthe"},{"@type":"BreadcrumbList","@id":"https:\/\/www.mariovanweerd.nl\/wp\/vlinders\/zandoogjes-satyrinae\/veenhooibeestje\/#breadcrumb","itemListElement":[{"@type":"ListItem","position":1,"name":"Home","item":"https:\/\/www.mariovanweerd.nl\/wp\/"},{"@type":"ListItem","position":2,"name":"Vlinders","item":"https:\/\/www.mariovanweerd.nl\/wp\/vlinders\/"},{"@type":"ListItem","position":3,"name":"Zandoogjes (Nymphalidae, Satyrinae)","item":"https:\/\/www.mariovanweerd.nl\/wp\/vlinders\/zandoogjes-satyrinae\/"},{"@type":"ListItem","position":4,"name":"Veenhooibeestje (Coenonympha tullia)"}]},{"@type":"WebSite","@id":"https:\/\/www.mariovanweerd.nl\/wp\/#website","url":"https:\/\/www.mariovanweerd.nl\/wp\/","name":"","description":"Mario van Weerd Natuurfotografie","potentialAction":[{"@type":"SearchAction","target":{"@type":"EntryPoint","urlTemplate":"https:\/\/www.mariovanweerd.nl\/wp\/?s={search_term_string}"},"query-input":{"@type":"PropertyValueSpecification","valueRequired":true,"valueName":"search_term_string"}}],"inLanguage":"nl-NL"}]}},"_links":{"self":[{"href":"https:\/\/www.mariovanweerd.nl\/wp\/wp-json\/wp\/v2\/pages\/2547","targetHints":{"allow":["GET"]}}],"collection":[{"href":"https:\/\/www.mariovanweerd.nl\/wp\/wp-json\/wp\/v2\/pages"}],"about":[{"href":"https:\/\/www.mariovanweerd.nl\/wp\/wp-json\/wp\/v2\/types\/page"}],"author":[{"embeddable":true,"href":"https:\/\/www.mariovanweerd.nl\/wp\/wp-json\/wp\/v2\/users\/2"}],"replies":[{"embeddable":true,"href":"https:\/\/www.mariovanweerd.nl\/wp\/wp-json\/wp\/v2\/comments?post=2547"}],"version-history":[{"count":7,"href":"https:\/\/www.mariovanweerd.nl\/wp\/wp-json\/wp\/v2\/pages\/2547\/revisions"}],"predecessor-version":[{"id":9903,"href":"https:\/\/www.mariovanweerd.nl\/wp\/wp-json\/wp\/v2\/pages\/2547\/revisions\/9903"}],"up":[{"embeddable":true,"href":"https:\/\/www.mariovanweerd.nl\/wp\/wp-json\/wp\/v2\/pages\/2431"}],"wp:attachment":[{"href":"https:\/\/www.mariovanweerd.nl\/wp\/wp-json\/wp\/v2\/media?parent=2547"}],"curies":[{"name":"wp","href":"https:\/\/api.w.org\/{rel}","templated":true}]}}